{"id":44,"date":"2016-07-23T15:15:40","date_gmt":"2016-07-23T14:15:40","guid":{"rendered":"http:\/\/www.choralevocalys-ermont.fr\/testwp\/?page_id=44"},"modified":"2024-09-01T15:25:31","modified_gmt":"2024-09-01T13:25:31","slug":"accueil","status":"publish","type":"page","link":"https:\/\/choralevocalys-ermont.fr\/","title":{"rendered":"Accueil"},"content":{"rendered":"<p><strong>\u00ab\u00a0VOCALYS\u00a0\u00bb<\/strong> est une chorale&nbsp; regroupant plus d&rsquo;une soixantaine de choristes et musiciens amateurs.<\/p>\n<p>Son r\u00e9pertoire comprend&nbsp; des chants modernes et actuels, tir\u00e9s de la vari\u00e9t\u00e9 fran\u00e7aise et internationale, adapt\u00e9s et r\u00e9interpr\u00e9t\u00e9s par la chorale.<\/p>\n<p>Les r\u00e9p\u00e9titions ont lieu tous les mercredis soir \u00e0 Ermont (95) dans les locaux du <a href=\"https:\/\/www.google.fr\/maps\/place\/EPU\/@48.9923189,2.2472359,16.75z\/data=!4m8!1m2!2m1!1sprotestant+ermont+95!3m4!1s0x0:0x2880f6956fcbb1c!8m2!3d48.9914646!4d2.2511217\">Temple d&rsquo;Ermont<\/a> et la chorale se produit tout au long de l&rsquo;ann\u00e9e \u00e0 l&rsquo;occasion du T\u00e9l\u00e9thon au mois de D\u00e9cembre, lors de son concert annuel au <a href=\"https:\/\/www.google.fr\/maps\/place\/Th%C3%A9%C3%A2tre+Pierre+Fresnay\/@48.9905813,2.2593495,17z\/data=!3m1!4b1!4m5!3m4!1s0x47e667b753e2ad43:0x19f7e6172c979ae9!8m2!3d48.9905813!4d2.2615382\">Th\u00e9\u00e2tre Pierre Fresnay d&rsquo;Ermont<\/a>, et lors de la f\u00eate de la musique du 21 juin de chaque ann\u00e9e!<\/p>\n<p>La Chorale est ouverte \u00e0 tous les profils de chanteurs, quels que soient l&rsquo;\u00e2ge (15 ans minimum, sous la responsabilit\u00e9 de leurs parents*) et les capacit\u00e9s, seuls la motivation et surtout l&rsquo;envie et le plaisir de chanter ensemble sont requis pour l&rsquo;int\u00e9grer.<\/p>\n<p>Les informations d&rsquo;usage et conditions d&rsquo;adh\u00e9sion sont disponibles <strong><a href=\"https:\/\/choralevocalys-ermont.fr\/wp-content\/uploads\/2018\/11\/Questions-essentielles-2019-2020.pdf\" target=\"_blank\" rel=\"noopener noreferrer\">ICI<\/a><\/strong>.<\/p>\n<p><em>(*): les parents des jeunes choristes sont pri\u00e9s de les d\u00e9poser \u00e0 l&rsquo;heure de la r\u00e9p\u00e9tition et les r\u00e9cup\u00e9rer d\u00e8s la fin de celle-ci.<\/em><\/p>\n\n\n<p>N\u2019h\u00e9sitez pas \u00e0 venir nous rencontrer pour \u00e9changer et vous renseigner sur l\u2019organisation et les modalit\u00e9s d\u2019adh\u00e9sion.<br> Les personnes rencontr\u00e9es lors du forum des associations d&rsquo;Ermont ou qui nous ont contact\u00e9s par mail, peuvent r\u00e9aliser un essai <strong>jusqu\u2019\u00e0 la fin du mois de septembre<\/strong>.<br><strong> D\u00e9but octobre, les inscriptions seront closes pour le restant de l\u2019ann\u00e9e.<\/strong><\/p>\n\n\n\n<p> Pour toute autre demande vous pouvez contacter le Bureau de l\u2019Association par mail \u00e0: <a href=\"mailto:contact@choralevocalys-ermont.fr\">contact@choralevocalys-ermont.fr&nbsp;<\/a> <\/p>\n\n\n\n<p><\/p>\n","protected":false},"excerpt":{"rendered":"<p>\u00ab\u00a0VOCALYS\u00a0\u00bb est une chorale&nbsp; regroupant plus d&rsquo;une soixantaine de choristes et musiciens amateurs. Son r\u00e9pertoire comprend&nbsp; des chants modernes et actuels, tir\u00e9s de la vari\u00e9t\u00e9 fran\u00e7aise et internationale, adapt\u00e9s et r\u00e9interpr\u00e9t\u00e9s par la chorale. Les r\u00e9p\u00e9titions ont lieu tous les mercredis soir \u00e0 Ermont (95) dans les locaux du Temple d&rsquo;Ermont et la chorale se &hellip; <\/p>\n<p class=\"link-more\"><a href=\"https:\/\/choralevocalys-ermont.fr\/\" class=\"more-link\">Continuer la lecture<span class=\"screen-reader-text\"> de &laquo;&nbsp;Accueil&nbsp;&raquo;<\/span><\/a><\/p>\n","protected":false},"author":2,"featured_media":0,"parent":0,"menu_order":0,"comment_status":"closed","ping_status":"closed","template":"","meta":{"_exactmetrics_skip_tracking":false,"_exactmetrics_sitenote_active":false,"_exactmetrics_sitenote_note":"","_exactmetrics_sitenote_category":0,"ngg_post_thumbnail":0,"footnotes":""},"_links":{"self":[{"href":"https:\/\/choralevocalys-ermont.fr\/index.php\/wp-json\/wp\/v2\/pages\/44"}],"collection":[{"href":"https:\/\/choralevocalys-ermont.fr\/index.php\/wp-json\/wp\/v2\/pages"}],"about":[{"href":"https:\/\/choralevocalys-ermont.fr\/index.php\/wp-json\/wp\/v2\/types\/page"}],"author":[{"embeddable":true,"href":"https:\/\/choralevocalys-ermont.fr\/index.php\/wp-json\/wp\/v2\/users\/2"}],"replies":[{"embeddable":true,"href":"https:\/\/choralevocalys-ermont.fr\/index.php\/wp-json\/wp\/v2\/comments?post=44"}],"version-history":[{"count":7,"href":"https:\/\/choralevocalys-ermont.fr\/index.php\/wp-json\/wp\/v2\/pages\/44\/revisions"}],"predecessor-version":[{"id":995,"href":"https:\/\/choralevocalys-ermont.fr\/index.php\/wp-json\/wp\/v2\/pages\/44\/revisions\/995"}],"wp:attachment":[{"href":"https:\/\/choralevocalys-ermont.fr\/index.php\/wp-json\/wp\/v2\/media?parent=44"}],"curies":[{"name":"wp","href":"https:\/\/api.w.org\/{rel}","templated":true}]}}